{"id":133,"date":"2022-06-07T12:25:00","date_gmt":"2022-06-07T10:25:00","guid":{"rendered":"http:\/\/sabapcs.cultura.gov.it\/?page_id=133"},"modified":"2022-06-07T12:25:00","modified_gmt":"2022-06-07T10:25:00","slug":"autorizzazioni","status":"publish","type":"page","link":"https:\/\/sabapcs.cultura.gov.it\/?page_id=133","title":{"rendered":"Autorizzazioni"},"content":{"rendered":"<p>Il Codice dei Beni culturali demanda alla Soprintendenza il rilascio dell\u2019autorizzazione per l\u2019esecuzione di opere e lavori di qualsiasi genere sui beni culturali (art. 21, c.4) previa presentazione, da parte dell\u2019interessato, di un progetto o di una descrizione tecnica delle attivit\u00e0 proposte (art. 21. c. 5).<\/p>\n<p class=\"has-normal-font-size\"><strong>DISPOSIZIONI IN MATERIA DI TUTELA DEL PATRIMONIO ARCHITETTONICO E MITIGAZIONE DEL RISCHIO SISMICO<\/strong><\/p>\n<p>In ottemperanza alla Circolare n.15 del 30 aprile 2015 del Ministero per i Beni e le Attivit\u00e0 culturali e per il Turismo \u2013 del Segretariato Generale inerente l\u2019oggetto, si dispone che, a far data dal 1 settembre 2015 i progetti relativi ad interventi di restauro e\/o manutenzione straordinaria degli edifici sottoposti a tutela ai sensi della Parte II del D.lgs 42\/2004 e s.m.i. da inoltrare a questo Ufficio per la necessaria autorizzazione ai sensi dell\u2019art 21 del citato decreto vengano integrati con la Scheda sinottica rischio sismico al fine di dare evidenza al rispetto della Direttiva della Presidenza del Consiglio dei Ministri del 09\/02\/2011 in materia di valutazione e riduzione del rischio sismico.<\/p>\n<p class=\"has-normal-font-size\"><strong>RESTAURO<\/strong><\/p>\n<p>L\u2019esecuzione di interventi di restauro di qualunque genere su beni culturali \u00e8 subordinata all\u2019autorizzazione rilasciata dalla Soprintendenza in applicazione del D.Lgs. n.42\/2004 .<\/p>\n<p>\u201cPer restauro si intende l\u2019intervento diretto sul bene attraverso un complesso di operazioni finalizzate all\u2019integrit\u00e0 materiale ed al recupero del bene medesimo, alla protezione e trasmissione dei suoi valori culturali\u201d come definito all\u2019art. 29, comma 4 del D.Lgs. n.42\/2004.<\/p>\n<p>Ai sensi dell\u2019art. 5 dell\u2019art. 21 l\u2019autorizzazione viene rilasciata sulla base della presentazione di un progetto, o qualora sufficiente, dettagliata descrizione tecnica dell\u2019intervento presentata dal richiedente, e pu\u00f2 contenere prescrizioni specifiche.<\/p>\n<p>Per la documentazione fotografica da allegare per il restauro di opere d\u2019arte si rimanda alle \u201cNormative dell\u2019Istituto Centrale per il Catalogo e la Documentazione\u201d<\/p>\n<p class=\"has-normal-font-size\"><strong>AUTORIZZAZIONE PAESAGGISTICA<\/strong><\/p>\n<p>L\u2019autorizzazione paesaggistica \u00e8 regolamentata dagli articoli 146 e 147 del Codice.<\/p>\n<p>L\u2019autorizzazione mira a verificare la conformit\u00e0 degli interventi di trasformazione di immobili e aree alle prescrizioni contenute nei piani paesaggistici e nei provvedimenti di dichiarazione di interesse pubblico nonch\u00e9 ad accertare la compatibilit\u00e0 ai valori paesaggistici ed alle finalit\u00e0 di tutela e miglioramento della qualit\u00e0 del paesaggio e la congruit\u00e0 con i criteri di gestione dei beni.<\/p>\n<p>I proprietari, possessori o detentori dei beni sottoposti a tutela non possono distruggerli n\u00e9 introdurre modificazioni che rechino pregiudizio ai valori paesaggistici oggetto della protezione (art. 146, c. 1) ed hanno l\u2019obbligo di sottoporre all\u2019ente locale (delegato dalla regione) i progetti delle opere da eseguire affinch\u00e9 ne sia accertata la compatibilit\u00e0 paesaggistica e sia rilasciata l\u2019autorizzazione. La pratica sar\u00e0 poi sottoposta dall\u2019ente alla Soprintendenza, la cui istruttoria tecnico amministrativa \u00e8 affidata ai funzionari responsabili per territorio.<\/p>\n","protected":false},"excerpt":{"rendered":"<p>Il Codice dei Beni culturali demanda alla Soprintendenza il rilascio dell\u2019autorizzazione per l\u2019esecuzione di opere e lavori di qualsiasi genere sui beni culturali (art.<\/p>\n","protected":false},"author":2,"featured_media":0,"parent":0,"menu_order":0,"comment_status":"closed","ping_status":"closed","template":"","meta":{"footnotes":""},"tags":[],"class_list":["post-133","page","type-page","status-publish","hentry"],"_links":{"self":[{"href":"https:\/\/sabapcs.cultura.gov.it\/index.php?rest_route=\/wp\/v2\/pages\/133","targetHints":{"allow":["GET"]}}],"collection":[{"href":"https:\/\/sabapcs.cultura.gov.it\/index.php?rest_route=\/wp\/v2\/pages"}],"about":[{"href":"https:\/\/sabapcs.cultura.gov.it\/index.php?rest_route=\/wp\/v2\/types\/page"}],"author":[{"embeddable":true,"href":"https:\/\/sabapcs.cultura.gov.it\/index.php?rest_route=\/wp\/v2\/users\/2"}],"replies":[{"embeddable":true,"href":"https:\/\/sabapcs.cultura.gov.it\/index.php?rest_route=%2Fwp%2Fv2%2Fcomments&post=133"}],"version-history":[{"count":1,"href":"https:\/\/sabapcs.cultura.gov.it\/index.php?rest_route=\/wp\/v2\/pages\/133\/revisions"}],"predecessor-version":[{"id":134,"href":"https:\/\/sabapcs.cultura.gov.it\/index.php?rest_route=\/wp\/v2\/pages\/133\/revisions\/134"}],"wp:attachment":[{"href":"https:\/\/sabapcs.cultura.gov.it\/index.php?rest_route=%2Fwp%2Fv2%2Fmedia&parent=133"}],"wp:term":[{"taxonomy":"post_tag","embeddable":true,"href":"https:\/\/sabapcs.cultura.gov.it\/index.php?rest_route=%2Fwp%2Fv2%2Ftags&post=133"}],"curies":[{"name":"wp","href":"https:\/\/api.w.org\/{rel}","templated":true}]}}